{"id":1065,"date":"2019-08-13T14:24:28","date_gmt":"2019-08-13T14:24:28","guid":{"rendered":"https:\/\/biagiotti.qodeinteractive.com\/elementor\/?page_id=1065"},"modified":"2025-05-18T18:44:00","modified_gmt":"2025-05-18T18:44:00","slug":"get-in-touch","status":"publish","type":"page","link":"https:\/\/lepatris.lv\/en\/get-in-touch\/","title":{"rendered":"Get in Touch"},"content":{"rendered":"<div data-elementor-type=\"wp-page\" data-elementor-id=\"1065\" class=\"elementor elementor-1065\">\n\t\t\t\t\t\t<section class=\"elementor-section elementor-top-section elementor-element elementor-element-2a4bd6f elementor-section-full_width elementor-section-height-default elementor-section-height-default mkdf-parallax-row-no mkdf-content-aligment-left mkdf-row-grid-no mkdf-disabled-bg-image-bellow-no\" data-id=\"2a4bd6f\" data-element_type=\"section\">\n\t\t\t\t\t\t<div class=\"elementor-container elementor-column-gap-default\">\n\t\t\t\t\t<div class=\"elementor-column elementor-col-100 elementor-top-column elementor-element elementor-element-b7b272b\" data-id=\"b7b272b\" data-element_type=\"column\">\n\t\t\t<div class=\"elementor-widget-wrap elementor-element-populated\">\n\t\t\t\t\t\t<div class=\"elementor-element elementor-element-95a6dc1 elementor-hidden-desktop elementor-hidden-tablet elementor-hidden-mobile elementor-widget elementor-widget-mkdf_google_map\" data-id=\"95a6dc1\" data-element_type=\"widget\" data-widget_type=\"mkdf_google_map.default\">\n\t\t\t\t<div class=\"elementor-widget-container\">\n\t\t\t\t\t<div class=\"mkdf-google-map-holder\">\n\t\t<div class=\"mkdf-google-map\" id=\"mkdf-map-2792383\" data-addresses='[\"1212 6th Ave, New York, NY 10036, USA\"]' data-custom-map-style= \"data-color-overlay=\" data-saturation= \"data-lightness=\" data-zoom=\"11\" data-pin=\"https:\/\/lepatris.lv\/wp-content\/uploads\/2019\/09\/pin.png\" data-unique-id=\"2792383\" data-scroll-wheel=\"no\" data-height=\"675\" data-snazzy-map-style=\"yes\"><\/div>\n\t\t\t\t\t<input type=\"hidden\" class=\"mkdf-snazzy-map\" value=\"`{`{``featureType``: ``all``,``elementType``: ``labels.text.fill``,``stylers``: `{`{``saturation``: 36},{``color``: ``#333333``},{``lightness``: 40}`}`},{``featureType``: ``all``,``elementType``: ``labels.text.stroke``,``stylers``: `{`{``visibility``: ``on``},{``color``: ``#ffffff``},{``lightness``: 16}`}`},{``featureType``: ``all``,``elementType``: ``labels.icon``,``stylers``: `{`{``visibility``: ``off``}`}`},{``featureType``: ``administrative``,``elementType``: ``geometry.fill``,``stylers``: `{`{``color``: ``#fefefe``},{``lightness``: 20}`}`},{``featureType``: ``administrative``,``elementType``: ``geometry.stroke``,``stylers``: `{`{``color``: ``#fefefe``},{``lightness``: 17},{``weight``: 1.2}`}`},{``featureType``: ``landscape``,``elementType``: ``geometry``,``stylers``: `{`{``color``: ``#f5f5f5``},{``lightness``: 20}`}`},{``featureType``: ``poi``,``elementType``: ``geometry``,``stylers``: `{`{``color``: ``#f5f5f5``},{``lightness``: 21}`}`},{``featureType``: ``poi.park``,``elementType``: ``geometry``,``stylers``: `{`{``color``: ``#dedede``},{``lightness``: 21}`}`},{``featureType``: ``road.highway``,``elementType``: ``geometry.fill``,``stylers``: `{`{``color``: ``#ffffff``},{``lightness``: 17}`}`},{``featureType``: ``road.highway``,``elementType``: ``geometry.stroke``,``stylers``: `{`{``color``: ``#ffffff``},{``lightness``: 29},{``weight``: 0.2}`}`},{``featureType``: ``road.arterial``,``elementType``: ``geometry``,``stylers``: `{`{``color``: ``#ffffff``},{``lightness``: 18}`}`},{``featureType``: ``road.local``,``elementType``: ``geometry``,``stylers``: `{`{``color``: ``#ffffff``},{``lightness``: 16}`}`},{``featureType``: ``transit``,``elementType``: ``geometry``,``stylers``: `{`{``color``: ``#f2f2f2``},{``lightness``: 19}`}`},{``featureType``: ``water``,``elementType``: ``geometry``,``stylers``: `{`{``color``: ``#e9e9e9``},{``lightness``: 17}`}`}`}`\"\/>\n\t\t\t\t<div class=\"mkdf-google-map-overlay\"><\/div>\n\t<\/div>\t\t\t\t<\/div>\n\t\t\t\t<\/div>\n\t\t\t\t\t<\/div>\n\t\t<\/div>\n\t\t\t\t\t<\/div>\n\t\t<\/section>\n\t\t\t\t<section class=\"elementor-section elementor-top-section elementor-element elementor-element-eea385e elementor-section-full_width mkdf-content-aligment-center elementor-section-height-default elementor-section-height-default mkdf-parallax-row-no mkdf-row-grid-no mkdf-disabled-bg-image-bellow-no\" data-id=\"eea385e\" data-element_type=\"section\" data-settings=\"{&quot;background_background&quot;:&quot;classic&quot;}\">\n\t\t\t\t\t\t<div class=\"elementor-container elementor-column-gap-default\">\n\t\t\t\t\t<div class=\"elementor-column elementor-col-100 elementor-top-column elementor-element elementor-element-8df4863\" data-id=\"8df4863\" data-element_type=\"column\">\n\t\t\t<div class=\"elementor-widget-wrap elementor-element-populated\">\n\t\t\t\t\t\t<section class=\"elementor-section elementor-inner-section elementor-element elementor-element-dccb997 mkdf-content-aligment-center elementor-section-boxed elementor-section-height-default elementor-section-height-default mkdf-parallax-row-no mkdf-row-grid-no mkdf-disabled-bg-image-bellow-no\" data-id=\"dccb997\" data-element_type=\"section\">\n\t\t\t\t\t\t<div class=\"elementor-container elementor-column-gap-default\">\n\t\t\t\t\t<div class=\"elementor-column elementor-col-33 elementor-inner-column elementor-element elementor-element-8387b5a\" data-id=\"8387b5a\" data-element_type=\"column\">\n\t\t\t<div class=\"elementor-widget-wrap\">\n\t\t\t\t\t\t\t<\/div>\n\t\t<\/div>\n\t\t\t\t<div class=\"elementor-column elementor-col-33 elementor-inner-column elementor-element elementor-element-539ef6b\" data-id=\"539ef6b\" data-element_type=\"column\" data-settings=\"{&quot;background_background&quot;:&quot;classic&quot;}\">\n\t\t\t<div class=\"elementor-widget-wrap elementor-element-populated\">\n\t\t\t\t\t\t<div class=\"elementor-element elementor-element-82830eb elementor-widget elementor-widget-mkdf_section_title\" data-id=\"82830eb\" data-element_type=\"widget\" data-widget_type=\"mkdf_section_title.default\">\n\t\t\t\t<div class=\"elementor-widget-container\">\n\t\t\t\t\t<div class=\"mkdf-section-title-holder  mkdf-st-top-tagline-position\" >\n\t<div class=\"mkdf-st-inner\">\n\t\t\t\t\t\t\t<span class=\"mkdf-st-tagline\" style=\"color: #E5E5E5\">\n\t\t\t\tLepatris.lv\t\t\t<\/span>\n\t\t\t\t\t\t\t<h2 class=\"mkdf-st-title\" >\n\t\t\t\tATST\u0100J SAVU ZI\u0145U\t\t\t<\/h2>\n\t\t\t\t\t\t\t\t\t\t\t\t\t<\/div>\n<\/div>\t\t\t\t<\/div>\n\t\t\t\t<\/div>\n\t\t\t\t<div class=\"elementor-element elementor-element-c9c1c24 elementor-widget elementor-widget-mkdf_cf7\" data-id=\"c9c1c24\" data-element_type=\"widget\" data-widget_type=\"mkdf_cf7.default\">\n\t\t\t\t<div class=\"elementor-widget-container\">\n\t\t\t\t\t    \n<div class=\"wpcf7 no-js\" id=\"wpcf7-f5-o1\" lang=\"en-US\" dir=\"ltr\" data-wpcf7-id=\"5\">\n<div class=\"screen-reader-response\"><p role=\"status\" aria-live=\"polite\" aria-atomic=\"true\"><\/p> <ul><\/ul><\/div>\n<form action=\"\/en\/wp-json\/wp\/v2\/pages\/1065#wpcf7-f5-o1\" method=\"post\" class=\"wpcf7-form init cf7_custom_style_2\" aria-label=\"Contact form\" novalidate=\"novalidate\" data-status=\"init\" data-trp-original-action=\"\/en\/wp-json\/wp\/v2\/pages\/1065#wpcf7-f5-o1\">\n<div style=\"display: none;\">\n<input type=\"hidden\" name=\"_wpcf7\" value=\"5\" \/>\n<input type=\"hidden\" name=\"_wpcf7_version\" value=\"6.0.3\" \/>\n<input type=\"hidden\" name=\"_wpcf7_locale\" value=\"en_US\" \/>\n<input type=\"hidden\" name=\"_wpcf7_unit_tag\" value=\"wpcf7-f5-o1\" \/>\n<input type=\"hidden\" name=\"_wpcf7_container_post\" value=\"0\" \/>\n<input type=\"hidden\" name=\"_wpcf7_posted_data_hash\" value=\"\" \/>\n<\/div>\n<div class=\"mkdf-custom-contact1-form\">\n  <div class=\"mkdf-grid-row mkdf-grid-small-gutter mkdf-grid-spec\">\n      <div class=\"mkdf-grid-col-6\">\n\t  <span class=\"wpcf7-form-control-wrap\" data-name=\"your-name\"><input size=\"40\" maxlength=\"400\" class=\"wpcf7-form-control wpcf7-text wpcf7-validates-as-required\" aria-required=\"true\" aria-invalid=\"false\" placeholder=\"V\u0101rds\" value=\"\" type=\"text\" name=\"your-name\" \/><\/span>\n      <\/div>\n      <div class=\"mkdf-grid-col-6\">\n\t  <span class=\"wpcf7-form-control-wrap\" data-name=\"your-email\"><input size=\"40\" maxlength=\"400\" class=\"wpcf7-form-control wpcf7-email wpcf7-validates-as-required wpcf7-text wpcf7-validates-as-email\" aria-required=\"true\" aria-invalid=\"false\" placeholder=\"Epasts\" value=\"\" type=\"email\" name=\"your-email\" \/><\/span>\n      <\/div>\n      <div class=\"mkdf-grid-col-6\">\n\t  <span class=\"wpcf7-form-control-wrap\" data-name=\"tel-903\"><input size=\"40\" maxlength=\"400\" class=\"wpcf7-form-control wpcf7-text wpcf7-validates-as-required\" aria-required=\"true\" aria-invalid=\"false\" placeholder=\"Telefons\" value=\"\" type=\"text\" name=\"tel-903\" \/><\/span>\n      <\/div>\n      <div class=\"mkdf-grid-col-6\">\n\t  <span class=\"wpcf7-form-control-wrap\" data-name=\"url-116\"><input size=\"40\" maxlength=\"400\" class=\"wpcf7-form-control wpcf7-email wpcf7-validates-as-required wpcf7-text wpcf7-validates-as-email\" aria-required=\"true\" aria-invalid=\"false\" placeholder=\"M\u0101jas lapa\" value=\"\" type=\"email\" name=\"url-116\" \/><\/span>\n      <\/div>\n  <\/div>\n\n  <span class=\"wpcf7-form-control-wrap\" data-name=\"your-message\"><textarea cols=\"40\" rows=\"10\" maxlength=\"2000\" class=\"wpcf7-form-control wpcf7-textarea\" aria-invalid=\"false\" placeholder=\"Zi\u0146a\" name=\"your-message\"><\/textarea><\/span>\n\t\n  <div style=\"text-align: center;\"><button type=\"submit\" class=\"wpcf7-form-control wpcf7-submit mkdf-btn mkdf-btn-small\">S\u016bt\u012bt<\/button><\/div>\n<\/div><p style=\"display: none !important;\" class=\"akismet-fields-container\" data-prefix=\"_wpcf7_ak_\"><label>&#916;<textarea name=\"_wpcf7_ak_hp_textarea\" cols=\"45\" rows=\"8\" maxlength=\"100\"><\/textarea><\/label><input type=\"hidden\" id=\"ak_js_1\" name=\"_wpcf7_ak_js\" value=\"170\"\/><script>document.getElementById( \"ak_js_1\" ).setAttribute( \"value\", ( new Date() ).getTime() );<\/script><\/p><div class=\"wpcf7-response-output\" aria-hidden=\"true\"><\/div>\n<input type=\"hidden\" name=\"trp-form-language\" value=\"en\"\/><\/form>\n<\/div>\n\t\t\t\t<\/div>\n\t\t\t\t<\/div>\n\t\t\t\t\t<\/div>\n\t\t<\/div>\n\t\t\t\t<div class=\"elementor-column elementor-col-33 elementor-inner-column elementor-element elementor-element-8da24ba\" data-id=\"8da24ba\" data-element_type=\"column\">\n\t\t\t<div class=\"elementor-widget-wrap\">\n\t\t\t\t\t\t\t<\/div>\n\t\t<\/div>\n\t\t\t\t\t<\/div>\n\t\t<\/section>\n\t\t\t\t\t<\/div>\n\t\t<\/div>\n\t\t\t\t\t<\/div>\n\t\t<\/section>\n\t\t\t\t<\/div>","protected":false},"excerpt":{"rendered":"<p>Lepatris.lv ATST\u0100J SAVU ZI\u0145U S\u016bt\u012bt &#916;<\/p>","protected":false},"author":1,"featured_media":0,"parent":0,"menu_order":0,"comment_status":"closed","ping_status":"closed","template":"full-width.php","meta":{"footnotes":""},"class_list":["post-1065","page","type-page","status-publish","hentry"],"jetpack_sharing_enabled":true,"_links":{"self":[{"href":"https:\/\/lepatris.lv\/en\/wp-json\/wp\/v2\/pages\/1065","targetHints":{"allow":["GET"]}}],"collection":[{"href":"https:\/\/lepatris.lv\/en\/wp-json\/wp\/v2\/pages"}],"about":[{"href":"https:\/\/lepatris.lv\/en\/wp-json\/wp\/v2\/types\/page"}],"author":[{"embeddable":true,"href":"https:\/\/lepatris.lv\/en\/wp-json\/wp\/v2\/users\/1"}],"replies":[{"embeddable":true,"href":"https:\/\/lepatris.lv\/en\/wp-json\/wp\/v2\/comments?post=1065"}],"version-history":[{"count":9,"href":"https:\/\/lepatris.lv\/en\/wp-json\/wp\/v2\/pages\/1065\/revisions"}],"predecessor-version":[{"id":5205,"href":"https:\/\/lepatris.lv\/en\/wp-json\/wp\/v2\/pages\/1065\/revisions\/5205"}],"wp:attachment":[{"href":"https:\/\/lepatris.lv\/en\/wp-json\/wp\/v2\/media?parent=1065"}],"curies":[{"name":"wp","href":"https:\/\/api.w.org\/{rel}","templated":true}]}}