{"id":5143,"date":"2025-04-23T12:24:13","date_gmt":"2025-04-23T12:24:13","guid":{"rendered":"https:\/\/lepatris.lv\/?page_id=5143"},"modified":"2025-04-23T12:51:29","modified_gmt":"2025-04-23T12:51:29","slug":"komanda","status":"publish","type":"page","link":"https:\/\/lepatris.lv\/en\/komanda\/","title":{"rendered":"Komanda"},"content":{"rendered":"<div data-elementor-type=\"wp-page\" data-elementor-id=\"5143\" class=\"elementor elementor-5143\">\n\t\t\t\t\t\t<section class=\"elementor-section elementor-top-section elementor-element elementor-element-2ea07c5 elementor-section-full_width elementor-section-height-default elementor-section-height-default mkdf-parallax-row-no mkdf-content-aligment-left mkdf-row-grid-no mkdf-disabled-bg-image-bellow-no\" data-id=\"2ea07c5\" data-element_type=\"section\">\n\t\t\t\t\t\t<div class=\"elementor-container elementor-column-gap-default\">\n\t\t\t\t\t<div class=\"elementor-column elementor-col-100 elementor-top-column elementor-element elementor-element-7089e91\" data-id=\"7089e91\" data-element_type=\"column\">\n\t\t\t<div class=\"elementor-widget-wrap elementor-element-populated\">\n\t\t\t\t\t\t<div class=\"elementor-element elementor-element-620a127 elementor-widget elementor-widget-mkdf_team\" data-id=\"620a127\" data-element_type=\"widget\" data-widget_type=\"mkdf_team.default\">\n\t\t\t\t<div class=\"elementor-widget-container\">\n\t\t\t\t\t<div class=\"mkdf-team-holder mkdf-team-left\">\n\t<div class=\"mkdf-team-inner\">\n\t\t\t\t\t<div class=\"mkdf-team-image\">\n                <img fetchpriority=\"high\" decoding=\"async\" width=\"800\" height=\"800\" src=\"https:\/\/lepatris.lv\/wp-content\/uploads\/2019\/08\/team-page-img-1.jpg\" class=\"attachment-full size-full\" alt=\"x\" srcset=\"https:\/\/lepatris.lv\/wp-content\/uploads\/2019\/08\/team-page-img-1.jpg 800w, https:\/\/lepatris.lv\/wp-content\/uploads\/2019\/08\/team-page-img-1-300x300.jpg 300w, https:\/\/lepatris.lv\/wp-content\/uploads\/2019\/08\/team-page-img-1-100x100.jpg 100w, https:\/\/lepatris.lv\/wp-content\/uploads\/2019\/08\/team-page-img-1-600x600.jpg 600w, https:\/\/lepatris.lv\/wp-content\/uploads\/2019\/08\/team-page-img-1-150x150.jpg 150w, https:\/\/lepatris.lv\/wp-content\/uploads\/2019\/08\/team-page-img-1-768x768.jpg 768w, https:\/\/lepatris.lv\/wp-content\/uploads\/2019\/08\/team-page-img-1-650x650.jpg 650w\" sizes=\"(max-width: 800px) 100vw, 800px\" \/>\t\t\t\t\t\t\t<\/div>\n\t\t\t\t<div class=\"mkdf-team-info\">\n\t\t\t\t\t\t\t<h2 class=\"mkdf-team-name\" >PATR\u012aCIJA PATTE RUBENE <\/h2>\n\t\t\t\t\t\t\t\t\t\t<h5 class=\"mkdf-team-position\" >CEO of Le Patris<\/h5>\n\t\t\t\t\t\t\t\t\t\t<p class=\"mkdf-team-text\" >Dizain\u0113ju skaistas lietas. Horeogr\u0101fe. Z\u012bmola strat\u0113\u0123ijas &amp; person\u012bg\u0101s izaugsmes mentore. Rado\u0161\u0101 direktore. <\/p>\n\t\t\t\t\t\t\t\t\t\t<div class=\"mkdf-team-social-holder\">\n\t\t\t\t\t\t\t\t\t\t\t<span class=\"mkdf-team-icon\">    <span class=\"mkdf-icon-shortcode mkdf-normal\">\n                    <a class=\"\" href=\"https:\/\/www.facebook.com\/patricija.rubene\" target=\"_blank\">\n                    <i class=\"mkdf-icon-ion-icon ion-social-facebook mkdf-icon-element\"><\/i>                    <\/a>\n            <\/span>\n<\/span>\n\t\t\t\t\t\t\t\t\t\t\t<span class=\"mkdf-team-icon\">    <span class=\"mkdf-icon-shortcode mkdf-normal\">\n                    <a class=\"\" href=\"https:\/\/www.instagram.com\/lepatris.stories\/\" target=\"_blank\">\n                    <i class=\"mkdf-icon-ion-icon ion-social-instagram mkdf-icon-element\"><\/i>                    <\/a>\n            <\/span>\n<\/span>\n\t\t\t\t\t\t\t\t\t<\/div>\n\t\t\t\t\t<\/div>\n\t<\/div>\n<\/div>\t\t\t\t<\/div>\n\t\t\t\t<\/div>\n\t\t\t\t\t<\/div>\n\t\t<\/div>\n\t\t\t\t\t<\/div>\n\t\t<\/section>\n\t\t\t\t<section class=\"elementor-section elementor-top-section elementor-element elementor-element-612ff6e elementor-section-boxed elementor-section-height-default elementor-section-height-default mkdf-parallax-row-no mkdf-content-aligment-left mkdf-row-grid-no mkdf-disabled-bg-image-bellow-no\" data-id=\"612ff6e\" data-element_type=\"section\" data-settings=\"{&quot;background_background&quot;:&quot;classic&quot;}\">\n\t\t\t\t\t\t<div class=\"elementor-container elementor-column-gap-default\">\n\t\t\t\t\t<div class=\"elementor-column elementor-col-33 elementor-top-column elementor-element elementor-element-634d479\" data-id=\"634d479\" data-element_type=\"column\">\n\t\t\t<div class=\"elementor-widget-wrap\">\n\t\t\t\t\t\t\t<\/div>\n\t\t<\/div>\n\t\t\t\t<div class=\"elementor-column elementor-col-33 elementor-top-column elementor-element elementor-element-02c1660\" data-id=\"02c1660\" data-element_type=\"column\" data-settings=\"{&quot;background_background&quot;:&quot;classic&quot;}\">\n\t\t\t<div class=\"elementor-widget-wrap elementor-element-populated\">\n\t\t\t\t\t\t<div class=\"elementor-element elementor-element-29860a9 elementor-widget elementor-widget-mkdf_section_title\" data-id=\"29860a9\" data-element_type=\"widget\" data-widget_type=\"mkdf_section_title.default\">\n\t\t\t\t<div class=\"elementor-widget-container\">\n\t\t\t\t\t<div class=\"mkdf-section-title-holder  mkdf-st-top-tagline-position mkdf-st-center-position\" style=\"text-align: center\">\n\t<div class=\"mkdf-st-inner\">\n\t\t\t\t\t\t\t<span class=\"mkdf-st-tagline\" style=\"color: #E5E5E5;margin-bottom: 0px\">\n\t\t\t\tLe Patris\t\t\t<\/span>\n\t\t\t\t\t\t\t<h2 class=\"mkdf-st-title\" >\n\t\t\t\tCEO of Le Patris \t\t\t<\/h2>\n\t\t\t\t\t\t\t\t\t<p class=\"mkdf-st-text\" style=\"line-height: 20px;margin-top: 12px\">\n\t\t\t\tAr daudzpus\u012bg\u0101m zin\u0101\u0161an\u0101m un pieredzi, kas vieno vair\u0101kas rado\u0161\u0101s jomas vienuviet, Patr\u012bcija veido savu profesion\u0101lo ce\u013cu dizaina pasaul\u0113, radot produktus, kuros izteikti atspogu\u013cojas vi\u0146as est\u0113tiski smalkais rokraksts. Katrs vi\u0146as darbs atkl\u0101j dzi\u013cu j\u016bt\u012bgumu pret formu, st\u0101stu un emocij\u0101m.\nK\u0101 z\u012bmola strat\u0113\u0123ijas un person\u012bg\u0101s izaugsmes mentore vi\u0146a pal\u012bdz saskat\u012bt jaunas perspekt\u012bvas , veidojot strat\u0113\u0123ijas atbilsto\u0161i klienta individu\u0101lajiem m\u0113r\u0137iem, lai veicin\u0101tu profesion\u0101lo un person\u012bgo izaugsmi. K\u0101 rado\u0161\u0101 direktore vi\u0146a pal\u012bdz uzlabot eso\u0161\u0101s z\u012bmola strukt\u016bras, ievie\u0161ot jaunas inovat\u012bvas idejas un risin\u0101jumus, kas dzi\u013c\u0101k atspogu\u013co un pilnveido t\u0101 b\u016bt\u012bbu un v\u0113rt\u012bbas.\nK\u0101 horeogr\u0101fe ar vair\u0101k k\u0101 desmit gadu pieredzi, vi\u0146a akt\u012bvi sadarbojas ar Latvij\u0101 paz\u012bstamiem m\u0101ksliniekiem, piedal\u0101s projektos, m\u016bzikas video klipos, TV \u0161ovos, veido performances, kas iedvesmo. Vi\u0146ai noz\u012bm\u012bgi ir att\u012bst\u012bt jauno paaudzi, k\u0101 ar\u012b pal\u012bdz\u0113t sieviet\u0113m atkl\u0101t savu sievi\u0161\u0137\u012bbu, \u0161armu un pa\u0161p\u0101rliecin\u0101t\u012bbu caur deju.\n\t\t\t<\/p>\n\t\t\t\t\t\t\t\t\t<\/div>\n<\/div>\t\t\t\t<\/div>\n\t\t\t\t<\/div>\n\t\t\t\t\t<\/div>\n\t\t<\/div>\n\t\t\t\t<div class=\"elementor-column elementor-col-33 elementor-top-column elementor-element elementor-element-c7e07bd\" data-id=\"c7e07bd\" data-element_type=\"column\">\n\t\t\t<div class=\"elementor-widget-wrap\">\n\t\t\t\t\t\t\t<\/div>\n\t\t<\/div>\n\t\t\t\t\t<\/div>\n\t\t<\/section>\n\t\t\t\t<\/div>","protected":false},"excerpt":{"rendered":"<p>PATR\u012aCIJA PATTE RUBENE CEO of Le Patris Dizain\u0113ju skaistas lietas. Horeogr\u0101fe. Z\u012bmola strat\u0113\u0123ijas &amp; person\u012bg\u0101s izaugsmes mentore. Rado\u0161\u0101 direktore. Le Patris CEO of Le Patris Ar daudzpus\u012bg\u0101m zin\u0101\u0161an\u0101m un pieredzi, kas vieno vair\u0101kas rado\u0161\u0101s jomas vienuviet, Patr\u012bcija veido savu profesion\u0101lo [&hellip;]<\/p>","protected":false},"author":1,"featured_media":0,"parent":0,"menu_order":0,"comment_status":"closed","ping_status":"closed","template":"full-width.php","meta":{"footnotes":""},"class_list":["post-5143","page","type-page","status-publish","hentry"],"jetpack_sharing_enabled":true,"_links":{"self":[{"href":"https:\/\/lepatris.lv\/en\/wp-json\/wp\/v2\/pages\/5143","targetHints":{"allow":["GET"]}}],"collection":[{"href":"https:\/\/lepatris.lv\/en\/wp-json\/wp\/v2\/pages"}],"about":[{"href":"https:\/\/lepatris.lv\/en\/wp-json\/wp\/v2\/types\/page"}],"author":[{"embeddable":true,"href":"https:\/\/lepatris.lv\/en\/wp-json\/wp\/v2\/users\/1"}],"replies":[{"embeddable":true,"href":"https:\/\/lepatris.lv\/en\/wp-json\/wp\/v2\/comments?post=5143"}],"version-history":[{"count":28,"href":"https:\/\/lepatris.lv\/en\/wp-json\/wp\/v2\/pages\/5143\/revisions"}],"predecessor-version":[{"id":5177,"href":"https:\/\/lepatris.lv\/en\/wp-json\/wp\/v2\/pages\/5143\/revisions\/5177"}],"wp:attachment":[{"href":"https:\/\/lepatris.lv\/en\/wp-json\/wp\/v2\/media?parent=5143"}],"curies":[{"name":"wp","href":"https:\/\/api.w.org\/{rel}","templated":true}]}}