{"id":5072,"date":"2025-04-01T15:46:55","date_gmt":"2025-04-01T15:46:55","guid":{"rendered":"https:\/\/lepatris.lv\/?post_type=product&#038;p=5072"},"modified":"2025-04-01T15:50:33","modified_gmt":"2025-04-01T15:50:33","slug":"roze-komplekts-dabiga","status":"publish","type":"product","link":"https:\/\/lepatris.lv\/en\/veikals\/dizaina-produkti\/ir-candles-sojas-vaska-sveces\/roze-komplekts-dabiga\/","title":{"rendered":"ROZE komplekts &#8211; Dab\u012bga"},"content":{"rendered":"<p>Vakars bija kluss. Gais\u0101 virmoja pavasara smar\u017ea. Vi\u0146\u0161 tur\u0113ja rok\u0101s vienu no t\u0101m \u2013 smalku, kr\u0101\u0161\u0146u, tikpat trauslu k\u0101 saj\u016btas starp mums.<\/p>\n<p>&#8220;Roze nav tikai zieds,&#8221; vi\u0146\u0161 teica, skatienu piekalis man\u0101m plaukst\u0101m. &#8220;T\u0101 ir k\u0101 kluss sol\u012bjums \u2013 \u013caut sev plaukt &amp; uzzied\u0113t t\u0101, lai sirds to patiesi j\u016bt.&#8221;<\/p>\n<p>Vi\u0146\u0161 pastiepa roku, ielika taj\u0101 rozi &amp; ar vieglu smaidu noteica: &#8220;Tagad tas ir tavs.&#8221; Vi\u0146a balss bija klusa, bet dro\u0161a. &#8220;T\u0101pat k\u0101 mans sol\u012bjums Tev.&#8221;<\/p>\n<p>Un taj\u0101 br\u012bd\u012b roze k\u013cuva par ko vair\u0101k. Ko tie\u0161i? Tas jau ir Tavs st\u0101sts. Piepildi to \u2013 kop\u0101 ar mums.<\/p>\n<p>&nbsp;<\/p>\n<p><strong>IZV\u0112LNE KR\u0100S\u0100M: dab\u012bgais , gai\u0161i pel\u0113ks , gai\u0161i roz\u0101, smilts\u0113rk\u0161\u0137u, melle\u0146u violets, ave\u0146u sarkanais<\/strong><\/p>\n<p>IZV\u0112LNE AROM\u0100TAM: sojas vaska vai vani\u013ca<\/p>\n<p>&nbsp;<\/p>\n<p><strong>Apraksts:<\/strong><\/p>\n<p>&nbsp;<\/p>\n<p>100% dab\u012bg\u0101 sojas vaska svece<\/p>\n<p>Izm\u0113rs: 80x70mm \/ 60x70mm<\/p>\n<p>Apjoms: 220g \/ 220g<\/p>\n<p>Videi draudz\u012bgs &amp; est\u0113tisks dizains<\/p>\n<p>&nbsp;<\/p>\n<p>Lai saglab\u0101tu izejmateri\u0101la ilgsto\u0161\u0101ku notur\u012bbu &amp; neveidotos lavas efekts jeb sveces p\u0101rkar\u0161ana:<\/p>\n<p>Pirmaj\u0101 dedzin\u0101\u0161anas reiz\u0113 iesak\u0101m to dedzin\u0101t vismaz 2\u20133 stundas, lai izveidotos vaska \u201cbaseins\u201d.<\/p>\n<p>Ieteicamais deg\u0161anas laiks\u00a0 ir 3\u20134 stundas p\u0113c k\u0101rtas.<\/p>\n<p>Katru reizi pirms sveces izmanto\u0161anas iesak\u0101m sa\u012bsin\u0101t deg\u013ca garumu.<\/p>\n<p>&nbsp;<\/p>\n<p><strong>Paturi pr\u0101t\u0101:<\/strong><\/p>\n<p>Sveces deg\u0161anas laiks atkar\u012bgs no telpas temperat\u016bras un dedzin\u0101\u0161anas ilguma vien\u0101 reiz\u0113.<\/p>\n<p>Past\u0101v iesp\u0113ja, ka tonis var at\u0161\u0137irties no att\u0113l\u0101 redzam\u0101.<\/p>","protected":false},"excerpt":{"rendered":"<p>Vakars bija kluss. Gais\u0101 virmoja pavasara smar\u017ea. Vi\u0146\u0161 tur\u0113ja rok\u0101s vienu no t\u0101m \u2013 smalku, kr\u0101\u0161\u0146u, tikpat trauslu k\u0101 saj\u016btas starp mums. &#8220;Roze nav tikai zieds,&#8221; vi\u0146\u0161 teica, skatienu piekalis man\u0101m plaukst\u0101m. &#8220;T\u0101 ir k\u0101 kluss sol\u012bjums \u2013 \u013caut sev [&hellip;]<\/p>","protected":false},"featured_media":5073,"comment_status":"open","ping_status":"closed","template":"","meta":[],"product_cat":[73,71],"product_tag":[],"class_list":{"0":"post-5072","1":"product","2":"type-product","3":"status-publish","4":"has-post-thumbnail","6":"product_cat-ir-candles-sojas-vaska-sveces","7":"product_cat-dizaina-produkti","9":"first","10":"instock","11":"shipping-taxable","12":"purchasable","13":"product-type-simple"},"jetpack_sharing_enabled":true,"_links":{"self":[{"href":"https:\/\/lepatris.lv\/en\/wp-json\/wp\/v2\/product\/5072","targetHints":{"allow":["GET"]}}],"collection":[{"href":"https:\/\/lepatris.lv\/en\/wp-json\/wp\/v2\/product"}],"about":[{"href":"https:\/\/lepatris.lv\/en\/wp-json\/wp\/v2\/types\/product"}],"replies":[{"embeddable":true,"href":"https:\/\/lepatris.lv\/en\/wp-json\/wp\/v2\/comments?post=5072"}],"wp:featuredmedia":[{"embeddable":true,"href":"https:\/\/lepatris.lv\/en\/wp-json\/wp\/v2\/media\/5073"}],"wp:attachment":[{"href":"https:\/\/lepatris.lv\/en\/wp-json\/wp\/v2\/media?parent=5072"}],"wp:term":[{"taxonomy":"product_cat","embeddable":true,"href":"https:\/\/lepatris.lv\/en\/wp-json\/wp\/v2\/product_cat?post=5072"},{"taxonomy":"product_tag","embeddable":true,"href":"https:\/\/lepatris.lv\/en\/wp-json\/wp\/v2\/product_tag?post=5072"}],"curies":[{"name":"wp","href":"https:\/\/api.w.org\/{rel}","templated":true}]}}