{"id":5086,"date":"2025-04-01T16:14:07","date_gmt":"2025-04-01T16:14:07","guid":{"rendered":"https:\/\/lepatris.lv\/?post_type=product&#038;p=5086"},"modified":"2025-04-01T16:19:21","modified_gmt":"2025-04-01T16:19:21","slug":"rokraksts-dabigais","status":"publish","type":"product","link":"https:\/\/lepatris.lv\/en\/veikals\/dizaina-produkti\/ir-candles-sojas-vaska-sveces\/rokraksts-dabigais\/","title":{"rendered":"ROKRAKSTS &#8211; Dab\u012bgais"},"content":{"rendered":"<p>Vasaras pievakar\u0113 pils vasarn\u012bcu piepild\u012bja klaves\u012bna ska\u0146as. Es iedzi\u013cin\u0101jos vi\u0146a sp\u0113l\u0113, it k\u0101 tas b\u016btu vien\u012bgais, kas \u0161aj\u0101 br\u012bd\u012b eksist\u0113tu. Klusums starp mums nebija tuk\u0161s &#8211; piepild\u012bts ar v\u0101rdos neizsak\u0101m\u0101m saj\u016bt\u0101m, tikpat smalk\u0101m &amp; skaist\u0101m k\u0101 raksts, kas rot\u0101ja \u0161o telpu.<\/p>\n<p>M\u0113s apst\u0101j\u0101mies viet\u0101, kur v\u012bte\u0146augi ap\u0146\u0113ma vec\u0101s akmens sienas, un pils gaismas mirdz\u0113ja vi\u0146a ac\u012bs.<\/p>\n<p>&#8220;\u0160is mirklis ir k\u0101 sveces liesma!&#8221; vi\u0146\u0161 \u010dukst\u0113ja, it k\u0101 \u013caujot sav\u0101m dom\u0101m pl\u016bst br\u012bvi. &#8220;Silts, mierpilns &amp; pilns ar kl\u0101tesam\u012bbu.&#8221;<\/p>\n<p>Es aizv\u0113ru acis un izt\u0113lojos sveci \u2013 elegantu, ar smalki veidotu rakstu, kas atg\u0101din\u0101ja \u0161o mirkli vasarn\u012bc\u0101.<\/p>\n<p><em>Kad atv\u0113ru acis, es sapratu \u2013 \u0161\u0101di mirk\u013ci paliek sird\u012b uz visiem laikiem. Izveido savu mirkli kop\u0101 ar mums!<\/em><\/p>\n<p><strong>IZV\u0112LNE KR\u0100S\u0100M: dab\u012bgais , gai\u0161i pel\u0113ks , gai\u0161i roz\u0101, smilts\u0113rk\u0161\u0137u, melle\u0146u violets, ave\u0146u sarkanais<\/strong><\/p>\n<p>IZV\u0112LNE AROM\u0100TAM: sojas vaska vai vani\u013ca<\/p>\n<p>&nbsp;<\/p>\n<p><strong>Apraksts:<\/strong><\/p>\n<p>100% dab\u012bg\u0101 sojas vaska svece<\/p>\n<p>Izm\u0113rs: 90x60mm<\/p>\n<p>Apjoms: 260g<\/p>\n<p>Videi draudz\u012bgs &amp; est\u0113tisks dizains<\/p>\n<p>&nbsp;<\/p>\n<p>Lai saglab\u0101tu izejmateri\u0101la ilgsto\u0161\u0101ku notur\u012bbu &amp; neveidotos lavas efekts jeb sveces p\u0101rkar\u0161ana:<\/p>\n<p>Pirmaj\u0101 dedzin\u0101\u0161anas reiz\u0113 iesak\u0101m to dedzin\u0101t vismaz 2\u20133 stundas, lai izveidotos vaska \u201cbaseins\u201d.<\/p>\n<p>Ieteicamais deg\u0161anas laiks\u00a0 ir 3\u20134 stundas p\u0113c k\u0101rtas.<\/p>\n<p>Katru reizi pirms sveces izmanto\u0161anas iesak\u0101m sa\u012bsin\u0101t deg\u013ca garumu.<\/p>\n<p>&nbsp;<\/p>\n<p><strong>Paturi pr\u0101t\u0101:<\/strong><\/p>\n<p>Sveces deg\u0161anas laiks atkar\u012bgs no telpas temperat\u016bras &amp; dedzin\u0101\u0161anas ilguma vien\u0101 reiz\u0113.<\/p>\n<p>Past\u0101v iesp\u0113ja, ka tonis var at\u0161\u0137irties no att\u0113l\u0101 redzam\u0101.<\/p>","protected":false},"excerpt":{"rendered":"<p>Vasaras pievakar\u0113 pils vasarn\u012bcu piepild\u012bja klaves\u012bna ska\u0146as. Es iedzi\u013cin\u0101jos vi\u0146a sp\u0113l\u0113, it k\u0101 tas b\u016btu vien\u012bgais, kas \u0161aj\u0101 br\u012bd\u012b eksist\u0113tu. Klusums starp mums nebija tuk\u0161s &#8211; piepild\u012bts ar v\u0101rdos neizsak\u0101m\u0101m saj\u016bt\u0101m, tikpat smalk\u0101m &amp; skaist\u0101m k\u0101 raksts, kas rot\u0101ja \u0161o [&hellip;]<\/p>","protected":false},"featured_media":5089,"comment_status":"open","ping_status":"closed","template":"","meta":[],"product_cat":[73,71],"product_tag":[],"class_list":{"0":"post-5086","1":"product","2":"type-product","3":"status-publish","4":"has-post-thumbnail","6":"product_cat-ir-candles-sojas-vaska-sveces","7":"product_cat-dizaina-produkti","9":"first","10":"instock","11":"shipping-taxable","12":"purchasable","13":"product-type-simple"},"jetpack_sharing_enabled":true,"_links":{"self":[{"href":"https:\/\/lepatris.lv\/en\/wp-json\/wp\/v2\/product\/5086","targetHints":{"allow":["GET"]}}],"collection":[{"href":"https:\/\/lepatris.lv\/en\/wp-json\/wp\/v2\/product"}],"about":[{"href":"https:\/\/lepatris.lv\/en\/wp-json\/wp\/v2\/types\/product"}],"replies":[{"embeddable":true,"href":"https:\/\/lepatris.lv\/en\/wp-json\/wp\/v2\/comments?post=5086"}],"wp:featuredmedia":[{"embeddable":true,"href":"https:\/\/lepatris.lv\/en\/wp-json\/wp\/v2\/media\/5089"}],"wp:attachment":[{"href":"https:\/\/lepatris.lv\/en\/wp-json\/wp\/v2\/media?parent=5086"}],"wp:term":[{"taxonomy":"product_cat","embeddable":true,"href":"https:\/\/lepatris.lv\/en\/wp-json\/wp\/v2\/product_cat?post=5086"},{"taxonomy":"product_tag","embeddable":true,"href":"https:\/\/lepatris.lv\/en\/wp-json\/wp\/v2\/product_tag?post=5086"}],"curies":[{"name":"wp","href":"https:\/\/api.w.org\/{rel}","templated":true}]}}